{"id":86,"date":"2011-11-16T19:41:26","date_gmt":"2011-11-16T19:41:26","guid":{"rendered":"http:\/\/ieshuelin.com\/huelinwp\/?page_id=86"},"modified":"2011-11-27T23:31:25","modified_gmt":"2011-11-27T22:31:25","slug":"pagina-1-de-prueba","status":"publish","type":"page","link":"https:\/\/ieshuelin.com\/huelinwp\/pagina-1-de-prueba\/","title":{"rendered":"Web IES Huelin v2"},"content":{"rendered":"<p>Hola a todos<\/p>\n<p>Estamos de enhorabuena. Despu\u00e9s de unos 10 a\u00f1os de andadura de la anterior p\u00e1gina web, tenemos que adaptarnos a los nuevos tiempos y realizar una p\u00e1gina web m\u00e1s din\u00e1mica que tambi\u00e9n permita participar a miembros de la comunidad educativa. Es el concepto de Web 2.0<a href=\"https:\/\/ieshuelin.com\/huelinwp\/pagina-1-de-prueba\/ieshuelin100\/\" rel=\"attachment wp-att-297\"><img data-recalc-dims=\"1\" loading=\"lazy\" decoding=\"async\" data-attachment-id=\"297\" data-permalink=\"https:\/\/ieshuelin.com\/huelinwp\/pagina-1-de-prueba\/ieshuelin100\/\" data-orig-file=\"https:\/\/i0.wp.com\/ieshuelin.com\/huelinwp\/wp-content\/uploads\/2011\/11\/ieshuelin100.gif?fit=100%2C99&amp;ssl=1\" data-orig-size=\"100,99\" data-comments-opened=\"1\" data-image-meta=\"{&quot;aperture&quot;:&quot;0&quot;,&quot;credit&quot;:&quot;&quot;,&quot;camera&quot;:&quot;&quot;,&quot;caption&quot;:&quot;&quot;,&quot;created_timestamp&quot;:&quot;0&quot;,&quot;copyright&quot;:&quot;&quot;,&quot;focal_length&quot;:&quot;0&quot;,&quot;iso&quot;:&quot;0&quot;,&quot;shutter_speed&quot;:&quot;0&quot;,&quot;title&quot;:&quot;&quot;}\" data-image-title=\"Logo IES Huelin  (100)\" data-image-description=\"\" data-image-caption=\"\" data-medium-file=\"https:\/\/i0.wp.com\/ieshuelin.com\/huelinwp\/wp-content\/uploads\/2011\/11\/ieshuelin100.gif?fit=100%2C99&amp;ssl=1\" data-large-file=\"https:\/\/i0.wp.com\/ieshuelin.com\/huelinwp\/wp-content\/uploads\/2011\/11\/ieshuelin100.gif?fit=100%2C99&amp;ssl=1\" class=\"alignright size-full wp-image-297\" title=\"Logo IES Huelin  (100)\" src=\"https:\/\/i0.wp.com\/ieshuelin.com\/huelinwp\/wp-content\/uploads\/2011\/11\/ieshuelin100.gif?resize=100%2C99&#038;ssl=1\" alt=\"IES Huelin\" width=\"100\" height=\"99\" \/><\/a><\/p>\n<p>Ahora no es una persona la que hace la p\u00e1gina web y los dem\u00e1s se limitan a verla o descargar. Ahora ser\u00e1n los mismos usuarios de la comunidad educativa los que con sus aportaciones ir\u00e1n haciendo crecer nuestra web.<\/p>\n<p>Recordar que estamos en periodo de pruebas y que los contenidos se ir\u00e1n creando progresivamente.<\/p>\n<h1 style=\"text-align: center;\"><span style=\"color: #000080;\"><a title=\"Web IES Huelin v1 (Antigua)\" href=\"http:\/\/www.ieshuelin.com\/huelinv1\" target=\"_blank\"><span style=\"color: #000080;\">La antigua web sigue estando aqu\u00ed<\/span><\/a><\/span><\/h1>\n<p style=\"text-align: center;\"><\/p>\n","protected":false},"excerpt":{"rendered":"<p>Hola a todos Estamos de enhorabuena. Despu\u00e9s de unos 10 a\u00f1os de andadura de la anterior p\u00e1gina web, tenemos que adaptarnos a los nuevos tiempos y realizar una p\u00e1gina web m\u00e1s din\u00e1mica que tambi\u00e9n permita participar a miembros de la comunidad educativa. Es el concepto de Web 2.0 Ahora no es una persona la que &hellip; <\/p>\n<p><a class=\"more-link btn\" href=\"https:\/\/ieshuelin.com\/huelinwp\/pagina-1-de-prueba\/\">Seguir leyendo<\/a><\/p>\n","protected":false},"author":41,"featured_media":0,"parent":0,"menu_order":0,"comment_status":"open","ping_status":"open","template":"","meta":{"jetpack_post_was_ever_published":false,"footnotes":""},"class_list":["post-86","page","type-page","status-publish","hentry","nodate","item-wrap"],"aioseo_notices":[],"jetpack_sharing_enabled":true,"jetpack_shortlink":"https:\/\/wp.me\/P20cAk-1o","jetpack-related-posts":[],"jetpack_likes_enabled":true,"_links":{"self":[{"href":"https:\/\/ieshuelin.com\/huelinwp\/wp-json\/wp\/v2\/pages\/86","targetHints":{"allow":["GET"]}}],"collection":[{"href":"https:\/\/ieshuelin.com\/huelinwp\/wp-json\/wp\/v2\/pages"}],"about":[{"href":"https:\/\/ieshuelin.com\/huelinwp\/wp-json\/wp\/v2\/types\/page"}],"author":[{"embeddable":true,"href":"https:\/\/ieshuelin.com\/huelinwp\/wp-json\/wp\/v2\/users\/41"}],"replies":[{"embeddable":true,"href":"https:\/\/ieshuelin.com\/huelinwp\/wp-json\/wp\/v2\/comments?post=86"}],"version-history":[{"count":23,"href":"https:\/\/ieshuelin.com\/huelinwp\/wp-json\/wp\/v2\/pages\/86\/revisions"}],"predecessor-version":[{"id":432,"href":"https:\/\/ieshuelin.com\/huelinwp\/wp-json\/wp\/v2\/pages\/86\/revisions\/432"}],"wp:attachment":[{"href":"https:\/\/ieshuelin.com\/huelinwp\/wp-json\/wp\/v2\/media?parent=86"}],"curies":[{"name":"wp","href":"https:\/\/api.w.org\/{rel}","templated":true}]}}